{"id":1646,"date":"2024-02-15T08:04:12","date_gmt":"2024-02-15T07:04:12","guid":{"rendered":"https:\/\/sentinelleducapbear.terremercatalanes.com\/zimmer\/"},"modified":"2024-02-15T08:04:12","modified_gmt":"2024-02-15T07:04:12","slug":"zimmer","status":"publish","type":"page","link":"https:\/\/sentinelleducapbear.terremercatalanes.com\/de\/zimmer\/","title":{"rendered":"Zimmer"},"content":{"rendered":"<div class=\"mphb_sc_rooms-wrapper mphb-room-types \">\n<div class=\"mphb-room-type post-1778 mphb_room_type type-mphb_room_type status-publish mphb-room-type-adults-3 mphb-room-type-children-0 \">\n\n\t\n\t\n<h2 class=\"mphb-room-type-title entry-title\">\n\n<a class=\"mphb-room-type-title\" href=\"https:\/\/sentinelleducapbear.terremercatalanes.com\/de\/accommodation\/studio-2-3-personen\/\">Studio 2\/3 Personen<\/a>\n\n<\/h2>\n\n<p>Praktisch und komfortabel Entdecken Sie den intimen Charme unseres exklusiven Studios, das entworfen wurde, um eine Oase der Ruhe und des Komforts im Cape Bear Sentinel zu bieten. Genie\u00dfen Sie einen gem\u00fctlichen, ruhigen und funktionellen Raum f\u00fcr Ihren Aufenthalt an der C\u00f4te Vermeille. Wenn Sie sich eingerichtet haben, dr\u00fccken Sie einfach die T\u00fcr auf, um [&hellip;]<\/p>\n\n\n<h3 class=\"mphb-room-type-details-title\">Details<\/h3><ul class=\"mphb-loop-room-type-attributes\">\n\n\n\t<li class=\"mphb-room-type-adults-capacity\"><span class=\"mphb-attribute-title mphb-adults-title\">G\u00e4ste:<\/span><span class=\"mphb-attribute-value\">\n\t3\n\t<\/span><\/li>\n\t\n\n\n\n\n\n\n\n\n<\/ul>\n\n\t<p class=\"mphb-regular-price\"><strong>Preis von:<\/strong>\n\t<span class=\"mphb-price\"><span class=\"mphb-currency\">&euro;<\/span>110<\/span> <span class=\"mphb-price-period\" title=\"W\u00e4hlen Sie Daten, um relevante Preise zu sehen\">pro Nacht<\/span>\n\t<\/p>\n\t\n<p class=\"mphb-view-details-button-wrapper\">\n<a class=\"button mphb-view-details-button\" href=\"https:\/\/sentinelleducapbear.terremercatalanes.com\/de\/accommodation\/studio-2-3-personen\/\" >Details ansehen<\/a>\n<\/p>\n<div class=\"mphb-to-book-btn-wrapper\">\n<form action=\"https:\/\/sentinelleducapbear.terremercatalanes.com\/de\/accommodation\/studio-2-3-personen\/#booking-form-1778\" method=\"get\" ><button type=\"submit\" class=\"button mphb-book-button\" >Buchen<\/button><\/form>\n<br\/><\/div>\n\t\n<\/div>\n\n<div class=\"mphb-room-type post-1783 mphb_room_type type-mphb_room_type status-publish mphb-room-type-adults-4 mphb-room-type-children-0 \">\n\n\t\n\t\n<h2 class=\"mphb-room-type-title entry-title\">\n\n<a class=\"mphb-room-type-title\" href=\"https:\/\/sentinelleducapbear.terremercatalanes.com\/de\/accommodation\/suite-fuer-4-personen-mit-privatem-pool\/\">Suite f\u00fcr 4 Personen mit privatem Pool<\/a>\n\n<\/h2>\n\n<p>Blick auf Port-Vendres Blick auf das Meer und den Hafen Genie\u00dfen Sie den modernen und aufmerksamen Komfort unserer exklusiven Suite mit eigenem Balkon und verbringen Sie einen unvergesslichen Aufenthalt in aller Ruhe&nbsp;! Wandern Sie, entspannen Sie sich am Strand, erforschen Sie den Meeresgrund, besuchen Sie St\u00e4dte, D\u00f6rfer, Schl\u00f6sser und Museen und erholen Sie sich in [&hellip;]<\/p>\n\n\n<h3 class=\"mphb-room-type-details-title\">Details<\/h3><ul class=\"mphb-loop-room-type-attributes\">\n\n\n\t<li class=\"mphb-room-type-adults-capacity\"><span class=\"mphb-attribute-title mphb-adults-title\">G\u00e4ste:<\/span><span class=\"mphb-attribute-value\">\n\t4\n\t<\/span><\/li>\n\t\n\n\n\n\n\n\n\n\n<\/ul>\n\n\t<p class=\"mphb-regular-price\"><strong>Preis von:<\/strong>\n\t<span class=\"mphb-price\"><span class=\"mphb-currency\">&euro;<\/span>135<\/span> <span class=\"mphb-price-period\" title=\"W\u00e4hlen Sie Daten, um relevante Preise zu sehen\">pro Nacht<\/span>\n\t<\/p>\n\t\n<p class=\"mphb-view-details-button-wrapper\">\n<a class=\"button mphb-view-details-button\" href=\"https:\/\/sentinelleducapbear.terremercatalanes.com\/de\/accommodation\/suite-fuer-4-personen-mit-privatem-pool\/\" >Details ansehen<\/a>\n<\/p>\n<div class=\"mphb-to-book-btn-wrapper\">\n<form action=\"https:\/\/sentinelleducapbear.terremercatalanes.com\/de\/accommodation\/suite-fuer-4-personen-mit-privatem-pool\/#booking-form-1783\" method=\"get\" ><button type=\"submit\" class=\"button mphb-book-button\" >Buchen<\/button><\/form>\n<br\/><\/div>\n\t\n<\/div>\n<\/div>\n","protected":false},"excerpt":{"rendered":"","protected":false},"author":1,"featured_media":0,"parent":0,"menu_order":0,"comment_status":"closed","ping_status":"closed","template":"","meta":{"footnotes":""},"class_list":["post-1646","page","type-page","status-publish","hentry"],"_links":{"self":[{"href":"https:\/\/sentinelleducapbear.terremercatalanes.com\/de\/wp-json\/wp\/v2\/pages\/1646","targetHints":{"allow":["GET"]}}],"collection":[{"href":"https:\/\/sentinelleducapbear.terremercatalanes.com\/de\/wp-json\/wp\/v2\/pages"}],"about":[{"href":"https:\/\/sentinelleducapbear.terremercatalanes.com\/de\/wp-json\/wp\/v2\/types\/page"}],"author":[{"embeddable":true,"href":"https:\/\/sentinelleducapbear.terremercatalanes.com\/de\/wp-json\/wp\/v2\/users\/1"}],"replies":[{"embeddable":true,"href":"https:\/\/sentinelleducapbear.terremercatalanes.com\/de\/wp-json\/wp\/v2\/comments?post=1646"}],"version-history":[{"count":0,"href":"https:\/\/sentinelleducapbear.terremercatalanes.com\/de\/wp-json\/wp\/v2\/pages\/1646\/revisions"}],"wp:attachment":[{"href":"https:\/\/sentinelleducapbear.terremercatalanes.com\/de\/wp-json\/wp\/v2\/media?parent=1646"}],"curies":[{"name":"wp","href":"https:\/\/api.w.org\/{rel}","templated":true}]}}