{"id":1653,"date":"2024-02-15T08:03:08","date_gmt":"2024-02-15T07:03:08","guid":{"rendered":"https:\/\/sentinelleducapbear.terremercatalanes.com\/beispielseite\/"},"modified":"2024-04-25T09:44:26","modified_gmt":"2024-04-25T07:44:26","slug":"beispielseite","status":"publish","type":"page","link":"https:\/\/sentinelleducapbear.terremercatalanes.com\/de\/beispielseite\/","title":{"rendered":"Beispielseite"},"content":{"rendered":"<p>Dies ist eine Beispielseite. Dies unterscheidet sich von einem Blogartikel, da er am selben Ort bleibt und in der Navigation Ihrer Website erscheint (in den meisten Themen). Die meisten Menschen beginnen mit einer &#8222;\u00dcber&#8220;-Seite, auf der sie sich den Besuchern der Website vorstellen. Dies k\u00f6nnte in etwa so aussehen:<\/p><blockquote class=\"wp-block-quote is-layout-flow wp-block-quote-is-layout-flow\"><p>Guten Tag! Ich bin ein Mechaniker, der eine Karriere als Schauspieler anstrebt, und dies ist meine Website. Ich lebe in Bordeaux, habe einen tollen Hund namens Russell und trinke gerne Wodka (und werde bei einem langen Spaziergang am Strand bei Sonnenuntergang von pl\u00f6tzlichem Regen \u00fcberrascht).<\/p><\/blockquote><p>&#8230;oder so \u00e4hnlich:<\/p><blockquote class=\"wp-block-quote is-layout-flow wp-block-quote-is-layout-flow\"><p>Die Firma 123 Machin Truc wurde 1971 gegr\u00fcndet und hat seitdem kontinuierlich qualitativ hochwertige &#8222;Machin Trucs&#8220; angeboten. 123 Machin Truc mit Sitz in Saint-Remy-en-Bouzemont-Saint-Genest-et-Isson besch\u00e4ftigt 2.000 Personen und stellt alle Arten von tollen Dingen f\u00fcr die Gemeinde von Bouzemonto her.<\/p><\/blockquote><p>Als neuer Benutzer von WordPress sollten Sie <a href=\"https:\/\/sentinelleducapbear.terremercatalanes.com\/wp-admin\/\">Ihr Kontroll<\/a> zentrum aufrufen, um diese Seite zu l\u00f6schen und neue Seiten f\u00fcr Ihre Inhalte zu erstellen. Viel Spa\u00df!<\/p>","protected":false},"excerpt":{"rendered":"<p>Dies ist eine Beispielseite. Dies unterscheidet sich von einem Blogartikel, da er am selben Ort bleibt und in der Navigation Ihrer Website erscheint (in den meisten Themen). Die meisten Menschen beginnen mit einer &#8222;\u00dcber&#8220;-Seite, auf der sie sich den Besuchern der Website vorstellen. Dies k\u00f6nnte in etwa so aussehen: Guten Tag! Ich bin ein Mechaniker, [&hellip;]<\/p>\n","protected":false},"author":1,"featured_media":0,"parent":0,"menu_order":0,"comment_status":"closed","ping_status":"open","template":"","meta":{"footnotes":""},"class_list":["post-1653","page","type-page","status-publish","hentry"],"_links":{"self":[{"href":"https:\/\/sentinelleducapbear.terremercatalanes.com\/de\/wp-json\/wp\/v2\/pages\/1653","targetHints":{"allow":["GET"]}}],"collection":[{"href":"https:\/\/sentinelleducapbear.terremercatalanes.com\/de\/wp-json\/wp\/v2\/pages"}],"about":[{"href":"https:\/\/sentinelleducapbear.terremercatalanes.com\/de\/wp-json\/wp\/v2\/types\/page"}],"author":[{"embeddable":true,"href":"https:\/\/sentinelleducapbear.terremercatalanes.com\/de\/wp-json\/wp\/v2\/users\/1"}],"replies":[{"embeddable":true,"href":"https:\/\/sentinelleducapbear.terremercatalanes.com\/de\/wp-json\/wp\/v2\/comments?post=1653"}],"version-history":[{"count":1,"href":"https:\/\/sentinelleducapbear.terremercatalanes.com\/de\/wp-json\/wp\/v2\/pages\/1653\/revisions"}],"predecessor-version":[{"id":1657,"href":"https:\/\/sentinelleducapbear.terremercatalanes.com\/de\/wp-json\/wp\/v2\/pages\/1653\/revisions\/1657"}],"wp:attachment":[{"href":"https:\/\/sentinelleducapbear.terremercatalanes.com\/de\/wp-json\/wp\/v2\/media?parent=1653"}],"curies":[{"name":"wp","href":"https:\/\/api.w.org\/{rel}","templated":true}]}}