{"id":1686,"date":"2024-02-15T12:38:05","date_gmt":"2024-02-15T11:38:05","guid":{"rendered":"https:\/\/sentinelleducapbear.terremercatalanes.com\/die-zimmer\/"},"modified":"2024-11-13T17:54:01","modified_gmt":"2024-11-13T16:54:01","slug":"die-zimmer","status":"publish","type":"page","link":"https:\/\/sentinelleducapbear.terremercatalanes.com\/de\/die-zimmer\/","title":{"rendered":"Die Zimmer"},"content":{"rendered":"\t\t<div data-elementor-type=\"wp-page\" data-elementor-id=\"1686\" class=\"elementor elementor-1686 elementor-175\" data-elementor-post-type=\"page\">\n\t\t\t\t<div class=\"elementor-element elementor-element-a50290a e-flex e-con-boxed e-con e-parent\" data-id=\"a50290a\" data-element_type=\"container\">\n\t\t\t\t\t<div class=\"e-con-inner\">\n\t\t<div class=\"elementor-element elementor-element-4adf6db e-con-full e-flex e-con e-child\" data-id=\"4adf6db\" data-element_type=\"container\">\n\t\t\t\t<div class=\"elementor-element elementor-element-b59db79 elementor-invisible elementor-widget elementor-widget-heading\" data-id=\"b59db79\" data-element_type=\"widget\" data-settings=\"{&quot;_animation&quot;:&quot;fadeInUp&quot;}\" data-widget_type=\"heading.default\">\n\t\t\t\t<div class=\"elementor-widget-container\">\n\t\t\t<style>\/*! elementor - v3.23.0 - 05-08-2024 *\/\n.elementor-heading-title{padding:0;margin:0;line-height:1}.elementor-widget-heading .elementor-heading-title[class*=elementor-size-]>a{color:inherit;font-size:inherit;line-height:inherit}.elementor-widget-heading .elementor-heading-title.elementor-size-small{font-size:15px}.elementor-widget-heading .elementor-heading-title.elementor-size-medium{font-size:19px}.elementor-widget-heading .elementor-heading-title.elementor-size-large{font-size:29px}.elementor-widget-heading .elementor-heading-title.elementor-size-xl{font-size:39px}.elementor-widget-heading .elementor-heading-title.elementor-size-xxl{font-size:59px}<\/style><h2 class=\"elementor-heading-title elementor-size-default\">Die Zimmer<\/h2>\t\t<\/div>\n\t\t\t\t<\/div>\n\t\t\t\t<div class=\"elementor-element elementor-element-976128d elementor-invisible elementor-widget elementor-widget-text-editor\" data-id=\"976128d\" data-element_type=\"widget\" data-settings=\"{&quot;_animation&quot;:&quot;fadeInUp&quot;}\" data-widget_type=\"text-editor.default\">\n\t\t\t\t<div class=\"elementor-widget-container\">\n\t\t\t<style>\/*! elementor - v3.23.0 - 05-08-2024 *\/\n.elementor-widget-text-editor.elementor-drop-cap-view-stacked .elementor-drop-cap{background-color:#69727d;color:#fff}.elementor-widget-text-editor.elementor-drop-cap-view-framed .elementor-drop-cap{color:#69727d;border:3px solid;background-color:transparent}.elementor-widget-text-editor:not(.elementor-drop-cap-view-default) .elementor-drop-cap{margin-top:8px}.elementor-widget-text-editor:not(.elementor-drop-cap-view-default) .elementor-drop-cap-letter{width:1em;height:1em}.elementor-widget-text-editor .elementor-drop-cap{float:left;text-align:center;line-height:1;font-size:50px}.elementor-widget-text-editor .elementor-drop-cap-letter{display:inline-block}<\/style>\t\t\t\t<p>Unterhalb des imposanten Fort Saint Elme, am Rande der Weinberge und mit Blick auf das Meer, bietet Ihnen das Presidio von Cap Bear ein au\u00dfergew\u00f6hnliches Erlebnis.<\/p>\n<p>Von den sonnigen oder schattigen Terrassen, den Balkonen mit Panoramablick oder dem ger\u00e4umigen Wohnzimmer aus k\u00f6nnen Sie die umliegende Landschaft betrachten und die Ruhe der Umgebung genie\u00dfen.<\/p>\n<p>Genie\u00dfen Sie diese beruhigende Umgebung, tanken Sie neue Energie und entdecken Sie die Juwelen der C\u00f4te Vermeille, die sich Ihnen bietet! Die Sentinel ist ein idealer Ausgangspunkt f\u00fcr Ihre Wanderungen.<\/p>\n\t\t\t\t\t\t<\/div>\n\t\t\t\t<\/div>\n\t\t\t\t<\/div>\n\t\t\t\t\t<\/div>\n\t\t\t\t<\/div>\n\t\t<div class=\"elementor-element elementor-element-4f3e3ad e-con-full e-flex e-con e-parent\" data-id=\"4f3e3ad\" data-element_type=\"container\">\n\t\t<div class=\"elementor-element elementor-element-90b4f93 e-con-full e-flex e-con e-child\" data-id=\"90b4f93\" data-element_type=\"container\">\n\t\t<div class=\"elementor-element elementor-element-3a15045 e-con-full e-flex elementor-invisible e-con e-child\" data-id=\"3a15045\" data-element_type=\"container\" data-settings=\"{&quot;background_background&quot;:&quot;classic&quot;,&quot;animation&quot;:&quot;fadeInLeft&quot;}\">\n\t\t\t\t<div class=\"elementor-element elementor-element-c978d77 elementor-widget elementor-widget-heading\" data-id=\"c978d77\" data-element_type=\"widget\" data-widget_type=\"heading.default\">\n\t\t\t\t<div class=\"elementor-widget-container\">\n\t\t\t<h3 class=\"elementor-heading-title elementor-size-default\">Zimmer mit Meerblick (2 bis 4 Personen)<\/h3>\t\t<\/div>\n\t\t\t\t<\/div>\n\t\t\t\t<div class=\"elementor-element elementor-element-64640b2 elementor-widget elementor-widget-text-editor\" data-id=\"64640b2\" data-element_type=\"widget\" data-widget_type=\"text-editor.default\">\n\t\t\t\t<div class=\"elementor-widget-container\">\n\t\t\t\t\t\t\t<p>Zimmer mit Pool und privatem Balkon<\/p>\n\t\t\t\t\t\t<\/div>\n\t\t\t\t<\/div>\n\t\t\t\t<div class=\"elementor-element elementor-element-cda234c elementor-widget elementor-widget-button\" data-id=\"cda234c\" data-element_type=\"widget\" data-widget_type=\"button.default\">\n\t\t\t\t<div class=\"elementor-widget-container\">\n\t\t\t\t\t<div class=\"elementor-button-wrapper\">\n\t\t\t<a class=\"elementor-button elementor-button-link elementor-size-sm\" href=\"https:\/\/sentinelleducapbear.terremercatalanes.com\/accommodation\/suite-4-personnes-avec-piscine-privative\/\">\n\t\t\t\t\t\t<span class=\"elementor-button-content-wrapper\">\n\t\t\t\t\t\t\t\t\t<span class=\"elementor-button-text\">Entdecken und buchen  <\/span>\n\t\t\t\t\t<\/span>\n\t\t\t\t\t<\/a>\n\t\t<\/div>\n\t\t\t\t<\/div>\n\t\t\t\t<\/div>\n\t\t\t\t<\/div>\n\t\t<div class=\"elementor-element elementor-element-97500a4 e-con-full e-flex elementor-invisible e-con e-child\" data-id=\"97500a4\" data-element_type=\"container\" data-settings=\"{&quot;background_background&quot;:&quot;classic&quot;,&quot;animation&quot;:&quot;fadeInRight&quot;}\">\n\t\t\t\t<div class=\"elementor-element elementor-element-870e77c elementor-widget elementor-widget-heading\" data-id=\"870e77c\" data-element_type=\"widget\" data-widget_type=\"heading.default\">\n\t\t\t\t<div class=\"elementor-widget-container\">\n\t\t\t<h3 class=\"elementor-heading-title elementor-size-default\">Studio 2 \/ 3 Personen<\/h3>\t\t<\/div>\n\t\t\t\t<\/div>\n\t\t\t\t<div class=\"elementor-element elementor-element-5f44f49 elementor-widget elementor-widget-text-editor\" data-id=\"5f44f49\" data-element_type=\"widget\" data-widget_type=\"text-editor.default\">\n\t\t\t\t<div class=\"elementor-widget-container\">\n\t\t\t\t\t\t\t<p>Studio 2\/3 Personen 20 m2<\/p>\n\t\t\t\t\t\t<\/div>\n\t\t\t\t<\/div>\n\t\t\t\t<div class=\"elementor-element elementor-element-4c30872 elementor-widget elementor-widget-button\" data-id=\"4c30872\" data-element_type=\"widget\" data-widget_type=\"button.default\">\n\t\t\t\t<div class=\"elementor-widget-container\">\n\t\t\t\t\t<div class=\"elementor-button-wrapper\">\n\t\t\t<a class=\"elementor-button elementor-button-link elementor-size-sm\" href=\"https:\/\/sentinelleducapbear.terremercatalanes.com\/accommodation\/studio-2-3-personnes\/\">\n\t\t\t\t\t\t<span class=\"elementor-button-content-wrapper\">\n\t\t\t\t\t\t\t\t\t<span class=\"elementor-button-text\">Entdecken und buchen  <\/span>\n\t\t\t\t\t<\/span>\n\t\t\t\t\t<\/a>\n\t\t<\/div>\n\t\t\t\t<\/div>\n\t\t\t\t<\/div>\n\t\t\t\t<\/div>\n\t\t\t\t<\/div>\n\t\t\t\t<\/div>\n\t\t\t\t<\/div>\n\t\t","protected":false},"excerpt":{"rendered":"<p>Die Zimmer Unterhalb des imposanten Fort Saint Elme, am Rande der Weinberge und mit Blick auf das Meer, bietet Ihnen das Presidio von Cap Bear ein au\u00dfergew\u00f6hnliches Erlebnis. Von den sonnigen oder schattigen Terrassen, den Balkonen mit Panoramablick oder dem ger\u00e4umigen Wohnzimmer aus k\u00f6nnen Sie die umliegende Landschaft betrachten und die Ruhe der Umgebung genie\u00dfen. [&hellip;]<\/p>\n","protected":false},"author":1,"featured_media":0,"parent":0,"menu_order":0,"comment_status":"closed","ping_status":"closed","template":"elementor_header_footer","meta":{"footnotes":""},"class_list":["post-1686","page","type-page","status-publish","hentry"],"_links":{"self":[{"href":"https:\/\/sentinelleducapbear.terremercatalanes.com\/de\/wp-json\/wp\/v2\/pages\/1686","targetHints":{"allow":["GET"]}}],"collection":[{"href":"https:\/\/sentinelleducapbear.terremercatalanes.com\/de\/wp-json\/wp\/v2\/pages"}],"about":[{"href":"https:\/\/sentinelleducapbear.terremercatalanes.com\/de\/wp-json\/wp\/v2\/types\/page"}],"author":[{"embeddable":true,"href":"https:\/\/sentinelleducapbear.terremercatalanes.com\/de\/wp-json\/wp\/v2\/users\/1"}],"replies":[{"embeddable":true,"href":"https:\/\/sentinelleducapbear.terremercatalanes.com\/de\/wp-json\/wp\/v2\/comments?post=1686"}],"version-history":[{"count":2,"href":"https:\/\/sentinelleducapbear.terremercatalanes.com\/de\/wp-json\/wp\/v2\/pages\/1686\/revisions"}],"predecessor-version":[{"id":2508,"href":"https:\/\/sentinelleducapbear.terremercatalanes.com\/de\/wp-json\/wp\/v2\/pages\/1686\/revisions\/2508"}],"wp:attachment":[{"href":"https:\/\/sentinelleducapbear.terremercatalanes.com\/de\/wp-json\/wp\/v2\/media?parent=1686"}],"curies":[{"name":"wp","href":"https:\/\/api.w.org\/{rel}","templated":true}]}}