{"id":1759,"date":"2024-02-15T13:13:05","date_gmt":"2024-02-15T12:13:05","guid":{"rendered":"https:\/\/sentinelleducapbear.terremercatalanes.com\/zugang\/"},"modified":"2024-04-25T09:46:20","modified_gmt":"2024-04-25T07:46:20","slug":"zugang","status":"publish","type":"page","link":"https:\/\/sentinelleducapbear.terremercatalanes.com\/de\/zugang\/","title":{"rendered":"Zugang"},"content":{"rendered":"\t\t<div data-elementor-type=\"wp-page\" data-elementor-id=\"1759\" class=\"elementor elementor-1759 elementor-254\" data-elementor-post-type=\"page\">\n\t\t\t\t<div class=\"elementor-element elementor-element-fb61c14 e-flex e-con-boxed e-con e-parent\" data-id=\"fb61c14\" data-element_type=\"container\">\n\t\t\t\t\t<div class=\"e-con-inner\">\n\t\t\t\t<div class=\"elementor-element elementor-element-32ce6fc elementor-invisible elementor-widget elementor-widget-heading\" data-id=\"32ce6fc\" data-element_type=\"widget\" data-settings=\"{&quot;_animation&quot;:&quot;fadeInUp&quot;}\" data-widget_type=\"heading.default\">\n\t\t\t\t<div class=\"elementor-widget-container\">\n\t\t\t<style>\/*! elementor - v3.23.0 - 05-08-2024 *\/\n.elementor-heading-title{padding:0;margin:0;line-height:1}.elementor-widget-heading .elementor-heading-title[class*=elementor-size-]>a{color:inherit;font-size:inherit;line-height:inherit}.elementor-widget-heading .elementor-heading-title.elementor-size-small{font-size:15px}.elementor-widget-heading .elementor-heading-title.elementor-size-medium{font-size:19px}.elementor-widget-heading .elementor-heading-title.elementor-size-large{font-size:29px}.elementor-widget-heading .elementor-heading-title.elementor-size-xl{font-size:39px}.elementor-widget-heading .elementor-heading-title.elementor-size-xxl{font-size:59px}<\/style><h2 class=\"elementor-heading-title elementor-size-default\">Zugang und Umgebung<\/h2>\t\t<\/div>\n\t\t\t\t<\/div>\n\t\t<div class=\"elementor-element elementor-element-85eff3b e-con-full e-flex e-con e-child\" data-id=\"85eff3b\" data-element_type=\"container\">\n\t\t\t\t<div class=\"elementor-element elementor-element-e8640a4 elementor-widget elementor-widget-heading\" data-id=\"e8640a4\" data-element_type=\"widget\" data-widget_type=\"heading.default\">\n\t\t\t\t<div class=\"elementor-widget-container\">\n\t\t\t<h2 class=\"elementor-heading-title elementor-size-default\">GPS-Koordinaten: 42.51797569995106, 3.099316377233012<\/h2>\t\t<\/div>\n\t\t\t\t<\/div>\n\t\t\t\t<div class=\"elementor-element elementor-element-c2381f1 elementor-widget__width-inherit elementor-widget elementor-widget-google_maps\" data-id=\"c2381f1\" data-element_type=\"widget\" data-widget_type=\"google_maps.default\">\n\t\t\t\t<div class=\"elementor-widget-container\">\n\t\t\t<style>\/*! elementor - v3.23.0 - 05-08-2024 *\/\n.elementor-widget-google_maps .elementor-widget-container{overflow:hidden}.elementor-widget-google_maps .elementor-custom-embed{line-height:0}.elementor-widget-google_maps iframe{height:300px}<\/style>\t\t<div class=\"elementor-custom-embed\">\n\t\t\t<iframe loading=\"lazy\"\n\t\t\t\t\tsrc=\"https:\/\/maps.google.com\/maps?q=81%20route%20strat%C3%A9gique%2066660%20Port-Vendres&#038;t=m&#038;z=15&#038;output=embed&#038;iwloc=near\"\n\t\t\t\t\ttitle=\"81 route strat\u00e9gique 66660 Port-Vendres\"\n\t\t\t\t\taria-label=\"81 route strat\u00e9gique 66660 Port-Vendres\"\n\t\t\t><\/iframe>\n\t\t<\/div>\n\t\t\t\t<\/div>\n\t\t\t\t<\/div>\n\t\t\t\t<\/div>\n\t\t\t\t<div class=\"elementor-element elementor-element-c203caa elementor-invisible elementor-widget elementor-widget-heading\" data-id=\"c203caa\" data-element_type=\"widget\" data-settings=\"{&quot;_animation&quot;:&quot;fadeInUp&quot;}\" data-widget_type=\"heading.default\">\n\t\t\t\t<div class=\"elementor-widget-container\">\n\t\t\t<h2 class=\"elementor-heading-title elementor-size-default\">La Sentinelle du Cap B\u00e9ar: zwischen Land und Meer<\/h2>\t\t<\/div>\n\t\t\t\t<\/div>\n\t\t\t\t<div class=\"elementor-element elementor-element-d936d0d elementor-invisible elementor-widget elementor-widget-text-editor\" data-id=\"d936d0d\" data-element_type=\"widget\" data-settings=\"{&quot;_animation&quot;:&quot;fadeInUp&quot;}\" data-widget_type=\"text-editor.default\">\n\t\t\t\t<div class=\"elementor-widget-container\">\n\t\t\t<style>\/*! elementor - v3.23.0 - 05-08-2024 *\/\n.elementor-widget-text-editor.elementor-drop-cap-view-stacked .elementor-drop-cap{background-color:#69727d;color:#fff}.elementor-widget-text-editor.elementor-drop-cap-view-framed .elementor-drop-cap{color:#69727d;border:3px solid;background-color:transparent}.elementor-widget-text-editor:not(.elementor-drop-cap-view-default) .elementor-drop-cap{margin-top:8px}.elementor-widget-text-editor:not(.elementor-drop-cap-view-default) .elementor-drop-cap-letter{width:1em;height:1em}.elementor-widget-text-editor .elementor-drop-cap{float:left;text-align:center;line-height:1;font-size:50px}.elementor-widget-text-editor .elementor-drop-cap-letter{display:inline-block}<\/style>\t\t\t\t<p>Wir freuen uns, Sie in unserem G\u00e4stehaus &#8222;La sentinelle du Cap Bear&#8220; begr\u00fc\u00dfen zu d\u00fcrfen. Es liegt in einer privilegierten Umgebung, mit Blick auf den Hafen und die Klippen von Cap B\u00e9ar und das t\u00fcrkisfarbene Wasser des Mittelmeers. Lassen Sie sich von diesem gro\u00dfz\u00fcgigen Ort, der zur Entdeckung, Entspannung und zum Loslassen einl\u00e4dt, mitrei\u00dfen!<\/p>\n<p><strong>Strategischer Standort :<\/strong><\/p>\n<ul>\n<li><strong>Str\u00e4nde und Buchten:<\/strong> Zu Fu\u00df erreichbar: Plage des Batteries, Plage d&#8217;Oil, ca. 15 Minuten entfernt.<\/li>\n<li><strong>Port-Vendres (5-10 Minuten zu Fu\u00df) :<\/strong> Authentischer Hafen, in dem man gut bummeln kann, zwischen Geschichte und Moderne. Sie werden die bunten H\u00e4user, die das Meer umschlie\u00dfen, die katalanischen Boote, die Fischer- und Touristenboote, die Caf\u00e9s und Restaurants genie\u00dfen. Z\u00f6gern Sie nicht, eine Pause in der Cave du Domaine Claire Mayol zu machen, wo Sie einen herzlichen Empfang und Weine von hoher Qualit\u00e4t finden werden.<\/li>\n<li>Wandern Sie <strong>entlang der K\u00fcste und der angrenzenden Wege<\/strong> und entdecken Sie die K\u00fcste in Ihrem eigenen Rhythmus, in Richtung Collioure oder \u00fcber Cap Bear in Richtung Banyuls sur Mer.<\/li>\n<li><strong>Collioure (25\/30 Min. zu Fu\u00df):<\/strong> Ein charmantes Dorf, das vor allem f\u00fcr sein k\u00f6nigliches Fort, seine Kirche Notre Dame des Angels, seine malerischen Gassen und seine vibrierenden Farben, die so viele K\u00fcnstler inspiriert haben, bekannt ist. Widerstehen Sie nicht den vielen Reizen dieses Hafens, dem Museum, den Str\u00e4nden und dem Eis zur Erfrischung!<\/li>\n<li><strong>Banyuls sur Mer (15 Minuten mit dem Auto oder dem Bus) :<\/strong> Genie\u00dfen Sie die pr\u00e4chtige Landschaft der C\u00f4te Vermeille auf dem Weg nach Banyuls, den Blick auf die Weinterrassen, die ins Meer f\u00fchren. Sie haben die Qual der Wahl, wenn Sie in kristallklarem Wasser baden und faulenzen m\u00f6chten: vom weitl\u00e4ufigen Strand von Paulilles \u00fcber die zahlreichen Buchten, die mehr oder weniger leicht zu erreichen sind, bis hin zum intimeren Strand von Les Elmes. Banyuls, eine kleine Touristen- und Badestadt, wird Sie verzaubern. Besuchen Sie das Biodiversarium (wissenschaftliches Aquarium und Garten), das bemerkenswerte Maillol-Museum im Roume-Tal oder gehen Sie durch die T\u00fcren eines Weinguts.<\/li>\n<li><strong>Cerb\u00e8re, letztes Dorf vor Spanien (30 Min.):<\/strong> Eingebettet zwischen Meer und Bergen, zwischen Frankreich und Spanien. Genie\u00dfen Sie die K\u00fcstenwege und gehen Sie zum Cap Cerb\u00e8re, um das au\u00dfergew\u00f6hnliche Panorama zu bewundern.<\/li>\n<li><strong>Elne (20 Min.) und Perpignan (30 Min.):<\/strong> St\u00e4dte der Kunst und Geschichte: Schlendern Sie durch diese geschichtstr\u00e4chtigen Orte, Pal\u00e4ste der K\u00f6nige von Mallorca, Kathedralen, Kl\u00f6ster aus dem Mittelalter.<\/li>\n<\/ul>\n<p>Der Sektor ist gut mit g\u00fcnstigen Bussen versorgt.<\/p>\n<p>Buchen Sie jetzt und tauchen Sie vom Cape Bear Presidio aus in die kulturelle und nat\u00fcrliche Vielfalt der Region ein.<\/p>\n\t\t\t\t\t\t<\/div>\n\t\t\t\t<\/div>\n\t\t\t\t\t<\/div>\n\t\t\t\t<\/div>\n\t\t<div class=\"elementor-element elementor-element-804f2e0 e-flex e-con-boxed elementor-invisible e-con e-parent\" data-id=\"804f2e0\" data-element_type=\"container\" data-settings=\"{&quot;background_background&quot;:&quot;slideshow&quot;,&quot;background_slideshow_gallery&quot;:[{&quot;id&quot;:463,&quot;url&quot;:&quot;http:\\\/\\\/sentinelleducapbear.terremercatalanes.com\\\/wp-content\\\/uploads\\\/sites\\\/5\\\/2024\\\/02\\\/IMG_20240101_112604-1-1-scaled.jpg&quot;}],&quot;animation&quot;:&quot;zoomInDown&quot;,&quot;background_slideshow_loop&quot;:&quot;yes&quot;,&quot;background_slideshow_slide_duration&quot;:5000,&quot;background_slideshow_slide_transition&quot;:&quot;fade&quot;,&quot;background_slideshow_transition_duration&quot;:500}\">\n\t\t\t\t\t<div class=\"e-con-inner\">\n\t\t\t\t<div class=\"elementor-element elementor-element-82ff7ed elementor-widget elementor-widget-heading\" data-id=\"82ff7ed\" data-element_type=\"widget\" data-widget_type=\"heading.default\">\n\t\t\t\t<div class=\"elementor-widget-container\">\n\t\t\t<h2 class=\"elementor-heading-title elementor-size-default\">Brauchen Sie Ruhe und Harmonie? Willkommen im Presidio von Cape Bear! (Nur Jugendliche\/Erwachsene - keine Haustiere erlaubt)<\/h2>\t\t<\/div>\n\t\t\t\t<\/div>\n\t\t\t\t<div class=\"elementor-element elementor-element-9138dd2 elementor-widget elementor-widget-heading\" data-id=\"9138dd2\" data-element_type=\"widget\" data-widget_type=\"heading.default\">\n\t\t\t\t<div class=\"elementor-widget-container\">\n\t\t\t<h2 class=\"elementor-heading-title elementor-size-default\">Buchen Sie jetzt Ihren Aufenthalt im Presidio Cape Bear<\/h2>\t\t<\/div>\n\t\t\t\t<\/div>\n\t\t\t\t<div class=\"elementor-element elementor-element-2ed4de7 elementor-align-center elementor-widget elementor-widget-button\" data-id=\"2ed4de7\" data-element_type=\"widget\" data-widget_type=\"button.default\">\n\t\t\t\t<div class=\"elementor-widget-container\">\n\t\t\t\t\t<div class=\"elementor-button-wrapper\">\n\t\t\t<a class=\"elementor-button elementor-button-link elementor-size-sm\" href=\"https:\/\/sentinelleducapbear.terremercatalanes.com\/les-chambres\/\">\n\t\t\t\t\t\t<span class=\"elementor-button-content-wrapper\">\n\t\t\t\t\t\t\t\t\t<span class=\"elementor-button-text\">Klicken Sie hier<\/span>\n\t\t\t\t\t<\/span>\n\t\t\t\t\t<\/a>\n\t\t<\/div>\n\t\t\t\t<\/div>\n\t\t\t\t<\/div>\n\t\t\t\t\t<\/div>\n\t\t\t\t<\/div>\n\t\t\t\t<\/div>\n\t\t","protected":false},"excerpt":{"rendered":"<p>Zugang und Umgebung GPS-Koordinaten: 42.51797569995106, 3.099316377233012 La Sentinelle du Cap B\u00e9ar: zwischen Land und Meer Wir freuen uns, Sie in unserem G\u00e4stehaus &#8222;La sentinelle du Cap Bear&#8220; begr\u00fc\u00dfen zu d\u00fcrfen. Es liegt in einer privilegierten Umgebung, mit Blick auf den Hafen und die Klippen von Cap B\u00e9ar und das t\u00fcrkisfarbene Wasser des Mittelmeers. Lassen Sie [&hellip;]<\/p>\n","protected":false},"author":1,"featured_media":0,"parent":0,"menu_order":0,"comment_status":"closed","ping_status":"closed","template":"elementor_header_footer","meta":{"footnotes":""},"class_list":["post-1759","page","type-page","status-publish","hentry"],"_links":{"self":[{"href":"https:\/\/sentinelleducapbear.terremercatalanes.com\/de\/wp-json\/wp\/v2\/pages\/1759","targetHints":{"allow":["GET"]}}],"collection":[{"href":"https:\/\/sentinelleducapbear.terremercatalanes.com\/de\/wp-json\/wp\/v2\/pages"}],"about":[{"href":"https:\/\/sentinelleducapbear.terremercatalanes.com\/de\/wp-json\/wp\/v2\/types\/page"}],"author":[{"embeddable":true,"href":"https:\/\/sentinelleducapbear.terremercatalanes.com\/de\/wp-json\/wp\/v2\/users\/1"}],"replies":[{"embeddable":true,"href":"https:\/\/sentinelleducapbear.terremercatalanes.com\/de\/wp-json\/wp\/v2\/comments?post=1759"}],"version-history":[{"count":4,"href":"https:\/\/sentinelleducapbear.terremercatalanes.com\/de\/wp-json\/wp\/v2\/pages\/1759\/revisions"}],"predecessor-version":[{"id":1772,"href":"https:\/\/sentinelleducapbear.terremercatalanes.com\/de\/wp-json\/wp\/v2\/pages\/1759\/revisions\/1772"}],"wp:attachment":[{"href":"https:\/\/sentinelleducapbear.terremercatalanes.com\/de\/wp-json\/wp\/v2\/media?parent=1759"}],"curies":[{"name":"wp","href":"https:\/\/api.w.org\/{rel}","templated":true}]}}