{"id":1643,"date":"2024-02-15T08:04:12","date_gmt":"2024-02-15T07:04:12","guid":{"rendered":"https:\/\/sentinelleducapbear.terremercatalanes.com\/habitaciones\/"},"modified":"2024-02-15T08:04:12","modified_gmt":"2024-02-15T07:04:12","slug":"habitaciones","status":"publish","type":"page","link":"https:\/\/sentinelleducapbear.terremercatalanes.com\/es\/habitaciones\/","title":{"rendered":"Habitaciones"},"content":{"rendered":"<div class=\"mphb_sc_rooms-wrapper mphb-room-types \">\n<div class=\"mphb-room-type post-1780 mphb_room_type type-mphb_room_type status-publish mphb-room-type-adults-3 mphb-room-type-children-0 \">\n\n\t\n\t\n<h2 class=\"mphb-room-type-title entry-title\">\n\n<a class=\"mphb-room-type-title\" href=\"https:\/\/sentinelleducapbear.terremercatalanes.com\/es\/accommodation\/estudio-2-3-personas\/\">Estudio 2\/3 personas<\/a>\n\n<\/h2>\n\n<p>Pr\u00e1ctico y c\u00f3modo Explora el encanto \u00edntimo de nuestro exclusivo estudio, dise\u00f1ado para proporcionar un remanso de paz y comodidad en Cape Bear Sentinel. Disfruta de un espacio acogedor, tranquilo y funcional para tu estancia en la C\u00f4te Vermeille. Cuando te hayas instalado, \u00a1abre la puerta para empezar a explorar! Nuestro estudio, bien dise\u00f1ado y [&hellip;]<\/p>\n\n\n<h3 class=\"mphb-room-type-details-title\">Detalles<\/h3><ul class=\"mphb-loop-room-type-attributes\">\n\n\n\t<li class=\"mphb-room-type-adults-capacity\"><span class=\"mphb-attribute-title mphb-adults-title\">Hu\u00e9spedes:<\/span><span class=\"mphb-attribute-value\">\n\t3\n\t<\/span><\/li>\n\t\n\n\n\n\n\n\n\n\n<\/ul>\n\n\t<p class=\"mphb-regular-price\"><strong>Precio desde:<\/strong>\n\t<span class=\"mphb-price\"><span class=\"mphb-currency\">&euro;<\/span>95<\/span> <span class=\"mphb-price-period\" title=\"Establezca las fechas para ver los precios adecuados\">por noche<\/span>\n\t<\/p>\n\t\n<p class=\"mphb-view-details-button-wrapper\">\n<a class=\"button mphb-view-details-button\" href=\"https:\/\/sentinelleducapbear.terremercatalanes.com\/es\/accommodation\/estudio-2-3-personas\/\" >Ver detalles<\/a>\n<\/p>\n<div class=\"mphb-to-book-btn-wrapper\">\n<form action=\"https:\/\/sentinelleducapbear.terremercatalanes.com\/es\/accommodation\/estudio-2-3-personas\/#booking-form-1780\" method=\"get\" ><button type=\"submit\" class=\"button mphb-book-button\" >Hacer reserva<\/button><\/form>\n<br\/><\/div>\n\t\n<\/div>\n\n<div class=\"mphb-room-type post-1786 mphb_room_type type-mphb_room_type status-publish mphb-room-type-adults-4 mphb-room-type-children-0 \">\n\n\t\n\t\n<h2 class=\"mphb-room-type-title entry-title\">\n\n<a class=\"mphb-room-type-title\" href=\"https:\/\/sentinelleducapbear.terremercatalanes.com\/es\/accommodation\/suite-para-4-personas-con-piscina-privada\/\">Suite para 4 personas con piscina privada<\/a>\n\n<\/h2>\n\n<p>Vista de Port-Vendres Con vistas al mar y al puerto &nbsp;Disfruta de las modernas comodidades y la atenci\u00f3n al detalle de nuestra exclusiva suite con balc\u00f3n privado y disfruta de una estancia inolvidable con toda tranquilidad. Recorre las rutas de senderismo, toma el sol en la playa, explora los fondos marinos, visita ciudades, pueblos, castillos [&hellip;]<\/p>\n\n\n<h3 class=\"mphb-room-type-details-title\">Detalles<\/h3><ul class=\"mphb-loop-room-type-attributes\">\n\n\n\t<li class=\"mphb-room-type-adults-capacity\"><span class=\"mphb-attribute-title mphb-adults-title\">Hu\u00e9spedes:<\/span><span class=\"mphb-attribute-value\">\n\t4\n\t<\/span><\/li>\n\t\n\n\n\n\n\n\n\n\n<\/ul>\n\n\t<p class=\"mphb-regular-price\"><strong>Precio desde:<\/strong>\n\t<span class=\"mphb-price\"><span class=\"mphb-currency\">&euro;<\/span>130<\/span> <span class=\"mphb-price-period\" title=\"Establezca las fechas para ver los precios adecuados\">por noche<\/span>\n\t<\/p>\n\t\n<p class=\"mphb-view-details-button-wrapper\">\n<a class=\"button mphb-view-details-button\" href=\"https:\/\/sentinelleducapbear.terremercatalanes.com\/es\/accommodation\/suite-para-4-personas-con-piscina-privada\/\" >Ver detalles<\/a>\n<\/p>\n<div class=\"mphb-to-book-btn-wrapper\">\n<form action=\"https:\/\/sentinelleducapbear.terremercatalanes.com\/es\/accommodation\/suite-para-4-personas-con-piscina-privada\/#booking-form-1786\" method=\"get\" ><button type=\"submit\" class=\"button mphb-book-button\" >Hacer reserva<\/button><\/form>\n<br\/><\/div>\n\t\n<\/div>\n<\/div>\n","protected":false},"excerpt":{"rendered":"","protected":false},"author":1,"featured_media":0,"parent":0,"menu_order":0,"comment_status":"closed","ping_status":"closed","template":"","meta":{"footnotes":""},"class_list":["post-1643","page","type-page","status-publish","hentry"],"_links":{"self":[{"href":"https:\/\/sentinelleducapbear.terremercatalanes.com\/es\/wp-json\/wp\/v2\/pages\/1643","targetHints":{"allow":["GET"]}}],"collection":[{"href":"https:\/\/sentinelleducapbear.terremercatalanes.com\/es\/wp-json\/wp\/v2\/pages"}],"about":[{"href":"https:\/\/sentinelleducapbear.terremercatalanes.com\/es\/wp-json\/wp\/v2\/types\/page"}],"author":[{"embeddable":true,"href":"https:\/\/sentinelleducapbear.terremercatalanes.com\/es\/wp-json\/wp\/v2\/users\/1"}],"replies":[{"embeddable":true,"href":"https:\/\/sentinelleducapbear.terremercatalanes.com\/es\/wp-json\/wp\/v2\/comments?post=1643"}],"version-history":[{"count":0,"href":"https:\/\/sentinelleducapbear.terremercatalanes.com\/es\/wp-json\/wp\/v2\/pages\/1643\/revisions"}],"wp:attachment":[{"href":"https:\/\/sentinelleducapbear.terremercatalanes.com\/es\/wp-json\/wp\/v2\/media?parent=1643"}],"curies":[{"name":"wp","href":"https:\/\/api.w.org\/{rel}","templated":true}]}}