{"id":1687,"date":"2024-02-15T12:35:53","date_gmt":"2024-02-15T11:35:53","guid":{"rendered":"https:\/\/sentinelleducapbear.terremercatalanes.com\/condiciones-generales\/"},"modified":"2025-06-23T16:44:16","modified_gmt":"2025-06-23T14:44:16","slug":"condiciones-generales","status":"publish","type":"page","link":"https:\/\/sentinelleducapbear.terremercatalanes.com\/es\/condiciones-generales\/","title":{"rendered":"CONDICIONES GENERALES"},"content":{"rendered":"\t\t<div data-elementor-type=\"wp-page\" data-elementor-id=\"1687\" class=\"elementor elementor-1687 elementor-167\" data-elementor-post-type=\"page\">\n\t\t\t\t<div class=\"elementor-element elementor-element-fb61c14 e-flex e-con-boxed e-con e-parent\" data-id=\"fb61c14\" data-element_type=\"container\">\n\t\t\t\t\t<div class=\"e-con-inner\">\n\t\t<div class=\"elementor-element elementor-element-51d3742 e-flex e-con-boxed e-con e-child\" data-id=\"51d3742\" data-element_type=\"container\">\n\t\t\t\t\t<div class=\"e-con-inner\">\n\t\t\t\t<div class=\"elementor-element elementor-element-bffb081 elementor-widget elementor-widget-heading\" data-id=\"bffb081\" data-element_type=\"widget\" data-widget_type=\"heading.default\">\n\t\t\t\t<div class=\"elementor-widget-container\">\n\t\t\t<style>\/*! elementor - v3.23.0 - 05-08-2024 *\/\n.elementor-heading-title{padding:0;margin:0;line-height:1}.elementor-widget-heading .elementor-heading-title[class*=elementor-size-]>a{color:inherit;font-size:inherit;line-height:inherit}.elementor-widget-heading .elementor-heading-title.elementor-size-small{font-size:15px}.elementor-widget-heading .elementor-heading-title.elementor-size-medium{font-size:19px}.elementor-widget-heading .elementor-heading-title.elementor-size-large{font-size:29px}.elementor-widget-heading .elementor-heading-title.elementor-size-xl{font-size:39px}.elementor-widget-heading .elementor-heading-title.elementor-size-xxl{font-size:59px}<\/style><h2 class=\"elementor-heading-title elementor-size-default\">Condiciones de venta<\/h2>\t\t<\/div>\n\t\t\t\t<\/div>\n\t\t\t\t\t<\/div>\n\t\t\t\t<\/div>\n\t\t\t\t\t<\/div>\n\t\t\t\t<\/div>\n\t\t<div class=\"elementor-element elementor-element-280a3ac e-flex e-con-boxed e-con e-parent\" data-id=\"280a3ac\" data-element_type=\"container\">\n\t\t\t\t\t<div class=\"e-con-inner\">\n\t\t\t\t<div class=\"elementor-element elementor-element-8a42849 elementor-widget elementor-widget-text-editor\" data-id=\"8a42849\" data-element_type=\"widget\" data-widget_type=\"text-editor.default\">\n\t\t\t\t<div class=\"elementor-widget-container\">\n\t\t\t<style>\/*! elementor - v3.23.0 - 05-08-2024 *\/\n.elementor-widget-text-editor.elementor-drop-cap-view-stacked .elementor-drop-cap{background-color:#69727d;color:#fff}.elementor-widget-text-editor.elementor-drop-cap-view-framed .elementor-drop-cap{color:#69727d;border:3px solid;background-color:transparent}.elementor-widget-text-editor:not(.elementor-drop-cap-view-default) .elementor-drop-cap{margin-top:8px}.elementor-widget-text-editor:not(.elementor-drop-cap-view-default) .elementor-drop-cap-letter{width:1em;height:1em}.elementor-widget-text-editor .elementor-drop-cap{float:left;text-align:center;line-height:1;font-size:50px}.elementor-widget-text-editor .elementor-drop-cap-letter{display:inline-block}<\/style>\t\t\t\t<p><strong>Condiciones<\/strong> <strong>Generales<\/strong>de <strong>Venta<\/strong>del Bed and Breakfast \u00abTerre Mer Catalanes\u00bb, La Sentinelle du Vallespir y La Sentinelle du Cap Bear<\/p>\n<p>Informaci\u00f3n previa: nuestras habitaciones s\u00f3lo admiten adultos y adolescentes mayores de 12 a\u00f1os, tanto por motivos de seguridad como para garantizar que todos nuestros hu\u00e9spedes descansen lo m\u00e1ximo posible. Las instalaciones no son adecuadas para ni\u00f1os peque\u00f1os o beb\u00e9s.<\/p>\n<p><u>Art\u00edculo 1: Objeto :<\/u><\/p>\n<p>Este contrato est\u00e1 destinado al uso exclusivo de la reserva de estancias en habitaciones de hu\u00e9spedes. Nos comprometemos a acoger personalmente a nuestros hu\u00e9spedes con toda atenci\u00f3n al detalle para que su estancia y su descubrimiento de la regi\u00f3n sean lo m\u00e1s agradables posible.<\/p>\n<p><u>Art\u00edculo 2: Duraci\u00f3n de la estancia :  <\/u><\/p>\n<p>El cliente que suscriba este contrato de duraci\u00f3n determinada no podr\u00e1, en ning\u00fan caso, acogerse a ning\u00fan derecho de permanencia en los locales.<\/p>\n<p><u>Art\u00edculo 3: Reserva y celebraci\u00f3n del contrato  <\/u><\/p>\n<p>La reserva se hace efectiva una vez que el cliente ha abonado el importe total del precio de la estancia con un m\u00ednimo de una noche por habitaci\u00f3n reservada y que el importe se abona en la cuenta de SARL El Gecko Catala.<\/p>\n<p>La aceptaci\u00f3n y el cumplimiento de las presentes condiciones de venta se considerar\u00e1n aceptados desde el momento en que se haya abonado la totalidad del precio de la estancia.<\/p>\n<p>Las condiciones de pago del precio de las vacaciones y las<strong> Condiciones Generales est\u00e1n <\/strong>disponibles en nuestro sitio web www.terremercatalanes.com.<\/p>\n<p><u> <\/u><\/p>\n<p><u>Art\u00edculo 4: Anulaci\u00f3n por parte del cliente :<\/u><\/p>\n<p>Toda anulaci\u00f3n debe sernos notificada por correo electr\u00f3nico (infos@terremercatalanes) o por carta certificada enviada a SARL El Gecko Catala, 7 T route du ch\u00e2teau Bardou Job 66490 Vives.<\/p>\n<p>Te informamos de que, en caso de anulaci\u00f3n de la reserva antes del inicio de las vacaciones,<strong> y<\/strong> en ausencia de fuerza mayor (epidemia, prohibici\u00f3n de viajar definida por las autoridades, etc.), la indemnizaci\u00f3n ser\u00e1 la siguiente<\/p>\n<p>a : Si la anulaci\u00f3n se produce dentro de las 4 horas siguientes a la reserva y se notifica por correo electr\u00f3nico, se reembolsar\u00e1 \u00edntegramente el importe total de la estancia abonado para permitir el derecho de desistimiento.<\/p>\n<p>b: Si la anulaci\u00f3n se realiza con m\u00e1s de 14 d\u00edas de antelaci\u00f3n a la fecha de llegada, se reembolsar\u00e1 el 90% del precio total de la estancia abonado. El 10% retenido corresponde a los gastos bancarios asociados a las transacciones y a los gastos de gesti\u00f3n asociados a las operaciones de reembolso.   <\/p>\n<p>b: Si la cancelaci\u00f3n se realiza entre 14 y 7 d\u00edas antes de la fecha de llegada, se reembolsar\u00e1 el 50% del precio total de la estancia abonado,<\/p>\n<p>c: Si la cancelaci\u00f3n se produce entre 6 d\u00edas y 48 horas antes de la llegada: se reembolsar\u00e1 el 30% del precio total de la estancia abonado.<\/p>\n<p>d: Si la anulaci\u00f3n se realiza dentro de las 48 horas anteriores a la fecha de llegada, se reembolsar\u00e1 el 0% del precio total de la estancia abonado,<\/p>\n<p>e :Si el cliente no se presenta antes de las 22 horas del d\u00eda previsto para el inicio de la estancia, se aplicar\u00e1n las condiciones de reembolso por cancelaci\u00f3n con menos de 48 horas de antelaci\u00f3n y El Gecko Catala podr\u00e1 utilizar sus habitaciones para las noches siguientes de la estancia,<\/p>\n<p>f : En caso de estancia reducida, el precio correspondiente al coste del alojamiento ser\u00e1 retenido \u00edntegramente por El Gecko Catala,<\/p>\n<p>g: El seguro de cancelaci\u00f3n no est\u00e1 incluido en el precio,<\/p>\n<p><u> <\/u><\/p>\n<p>El reembolso se efectuar\u00e1 mediante transferencia bancaria, previa transmisi\u00f3n de los datos bancarios del cliente a el Gecko catala.<\/p>\n<p><u>Art\u00edculo 5: Anulaci\u00f3n por parte del vendedor :<\/u><\/p>\n<p>Si el vendedor \u00abEl Gecko Catala\u00bb tiene que anular la reserva antes del inicio de las vacaciones, deber\u00e1 informar al cliente inmediatamente por carta certificada con acuse de recibo o por correo electr\u00f3nico. En ese caso, se reembolsar\u00e1n inmediata e \u00edntegramente al cliente las cantidades ya abonadas y, adem\u00e1s, se le abonar\u00e1 una indemnizaci\u00f3n equivalente al 50% de la que se habr\u00eda abonado si el cliente hubiera efectuado la cancelaci\u00f3n en esa fecha.  <\/p>\n<p><u>Art\u00edculo 6: Horarios de llegada y salida :<\/u><\/p>\n<p>El cliente debe llegar el d\u00eda especificado entre las 16:00 y las 20:00 horas. En caso de llegada tard\u00eda o retrasada, el cliente debe informar al propietario lo antes posible. Las salidas son por la ma\u00f1ana hasta las 11.00 h.<\/p>\n<p><u>Art\u00edculo 7: Servicios incluidos en el precio de la estancia :<\/u><\/p>\n<p>El precio por noche incluye el IVA.<\/p>\n<p>Incluye alojamiento, desayuno completo, ropa de cama, toallas y ropa de ba\u00f1o, limpieza, tasa tur\u00edstica y acceso a las zonas e instalaciones comunes.<\/p>\n<p>La sentinelle du Vallespir: una noche de alojamiento da acceso gratuito a varios espacios (sal\u00f3n, terraza y sof\u00e1s frente al Canigou, balcones, jard\u00edn, terraza con piscina y tumbonas, aparcamiento), as\u00ed como a diversas instalaciones (wifi, hervidor y cafetera de autoservicio en las habitaciones, pantallas, sauna y spa).<\/p>\n<p>La sentinelle du cap Bear: una noche de alojamiento da acceso a un gran sal\u00f3n con vistas al mar, un balc\u00f3n con vistas al mar, una terraza sol\u00e1rium y tumbonas, material deportivo (bicicleta, banco de musculaci\u00f3n, colchonetas, pesas, saco de boxeo), as\u00ed como a una serie de servicios en la habitaci\u00f3n: pantallas, wifi, hervidor de agua, cafetera autoservicio.<\/p>\n<p>Nos comprometemos a reparar lo antes posible cualquier aver\u00eda puntual de nuestros equipos t\u00e9cnicos, que no dar\u00e1 lugar a ninguna reducci\u00f3n del precio de las noches reservadas.<\/p>\n<p>Para ambos lugares, tambi\u00e9n<strong>incluido: <\/strong><\/p>\n<p>&#8211; Se sirve un desayuno completo entre las 8 y las 10 de la ma\u00f1ana. A petici\u00f3n, y con el acuerdo de uno de los responsables, ocasionalmente es posible un margen de 30 minutos antes de esta franja horaria.<\/p>\n<p>-Se proporcionan s\u00e1banas, toallas y ropa de ba\u00f1o durante toda la estancia. Por razones ecol\u00f3gicas evidentes y para una estancia de m\u00e1s de una noche, no se ofrecer\u00e1 sistem\u00e1ticamente un cambio de s\u00e1banas para menos de 3 d\u00edas (pero se facilitar\u00e1 si se solicita).<\/p>\n<p>-Limpieza de la habitaci\u00f3n al principio y al final de tu estancia.<\/p>\n<p>Para estancias de m\u00e1s de 3 d\u00edas, se proporcionar\u00e1 un servicio de limpieza intermedia sin cargo adicional.<\/p>\n<p>-El impuesto de estancia es un impuesto local que los clientes deben pagar al propietario, que luego lo repercute en el erario p\u00fablico.<\/p>\n<p><u>Art\u00edculo 8: Servicios adicionales disponibles en la Sentinelle du Vallespir de <strong>Vives : <\/strong><\/u><\/p>\n<p>-Punto de recarga el\u00e9ctrica para veh\u00edculos h\u00edbridos o el\u00e9ctricos: el pago de la recarga se realizar\u00e1 in situ en funci\u00f3n del consumo (mediante transferencia bancaria, efectivo o tarjeta Visa).<\/p>\n<p>-Table d&#8217;h\u00f4tes: se puede reservar con 24 horas de antelaci\u00f3n una cena compuesta por un entrante, un plato principal y un postre, acompa\u00f1ados de una copa de vino local a elegir (para adultos). El coste de la cena y las bebidas debe abonarse in situ (mediante transferencia bancaria, efectivo o tarjeta Visa).<\/p>\n<p> <u>Art\u00edculo 9: Capacidad :<\/u><\/p>\n<p>Este contrato se redacta para un n\u00famero determinado de personas. Si el n\u00famero de clientes supera este n\u00famero, El Gecko Catala tiene derecho a rechazar a los clientes adicionales.<br \/>Este rechazo no puede considerarse en ning\u00fan caso como una modificaci\u00f3n o un incumplimiento del contrato a iniciativa del vendedor, por lo que en caso de salida de un n\u00famero de clientes superior a los rechazados, no podr\u00e1 considerarse ning\u00fan reembolso.<\/p>\n<p><u>Art\u00edculo 10: Uso de los locales :<\/u><\/p>\n<p>Se exige a todos el respeto de un cierto arte de vivir para garantizar la tranquilidad de los locales y la comodidad de todos.<\/p>\n<p>En particular, se ruega a los hu\u00e9spedes que no fumen dentro de sus habitaciones ni en las zonas p\u00fablicas en general, <strong>excepto<\/strong> en las zonas designadas para fumadores, claramente se\u00f1alizadas como tales.<\/p>\n<p>En nuestra regi\u00f3n existe un alto riesgo de incendio, por lo que la prevenci\u00f3n es cosa de todos, y es imprescindible que se respeten las zonas de fumadores en determinadas terrazas.<\/p>\n<p>Esperamos de nuestros hu\u00e9spedes que respeten las normas b\u00e1sicas de buena educaci\u00f3n: cortes\u00eda y benevolencia hacia los dem\u00e1s hu\u00e9spedes y el administrador, no hacer ruido que moleste a los dem\u00e1s, no da\u00f1ar las zonas comunes, etc.<\/p>\n<p>Los menores que se encuentren en la propiedad son responsabilidad exclusiva de sus padres o tutores.<\/p>\n<p>No se puede comer en las habitaciones.<\/p>\n<p>Est\u00e1 prohibido el consumo de alcohol tra\u00eddo del exterior.<\/p>\n<p>El cliente no puede invitar a terceros a las instalaciones.<\/p>\n<p>El cliente se compromete a devolver las habitaciones en perfecto estado, a declarar sistem\u00e1ticamente cualquier da\u00f1o del que pueda ser responsable y a pagar cualquier reparaci\u00f3n o sustituci\u00f3n.<\/p>\n<p><u>Art\u00edculo 11: Nuestros amigos dom\u00e9sticos :<\/u><\/p>\n<p>No se admiten animales de compa\u00f1\u00eda. En caso de salida del cliente por rechazo de su animal, no podr\u00e1 considerarse ning\u00fan reembolso.<\/p>\n<p><u> <\/u><\/p>\n<p><u>Art\u00edculo 12: Modificaci\u00f3n de las condiciones de venta :<\/u><\/p>\n<p>Estas condiciones de venta pueden modificarse en cualquier momento sin previo aviso.<\/p>\n\t\t\t\t\t\t<\/div>\n\t\t\t\t<\/div>\n\t\t\t\t\t<\/div>\n\t\t\t\t<\/div>\n\t\t\t\t<\/div>\n\t\t","protected":false},"excerpt":{"rendered":"<p>Condiciones de venta Condiciones Generalesde Ventadel Bed and Breakfast \u00abTerre Mer Catalanes\u00bb, La Sentinelle du Vallespir y La Sentinelle du Cap Bear Informaci\u00f3n previa: nuestras habitaciones s\u00f3lo admiten adultos y adolescentes mayores de 12 a\u00f1os, tanto por motivos de seguridad como para garantizar que todos nuestros hu\u00e9spedes descansen lo m\u00e1ximo posible. Las instalaciones no son [&hellip;]<\/p>\n","protected":false},"author":1,"featured_media":0,"parent":0,"menu_order":0,"comment_status":"closed","ping_status":"closed","template":"elementor_header_footer","meta":{"footnotes":""},"class_list":["post-1687","page","type-page","status-publish","hentry"],"_links":{"self":[{"href":"https:\/\/sentinelleducapbear.terremercatalanes.com\/es\/wp-json\/wp\/v2\/pages\/1687","targetHints":{"allow":["GET"]}}],"collection":[{"href":"https:\/\/sentinelleducapbear.terremercatalanes.com\/es\/wp-json\/wp\/v2\/pages"}],"about":[{"href":"https:\/\/sentinelleducapbear.terremercatalanes.com\/es\/wp-json\/wp\/v2\/types\/page"}],"author":[{"embeddable":true,"href":"https:\/\/sentinelleducapbear.terremercatalanes.com\/es\/wp-json\/wp\/v2\/users\/1"}],"replies":[{"embeddable":true,"href":"https:\/\/sentinelleducapbear.terremercatalanes.com\/es\/wp-json\/wp\/v2\/comments?post=1687"}],"version-history":[{"count":2,"href":"https:\/\/sentinelleducapbear.terremercatalanes.com\/es\/wp-json\/wp\/v2\/pages\/1687\/revisions"}],"predecessor-version":[{"id":3336,"href":"https:\/\/sentinelleducapbear.terremercatalanes.com\/es\/wp-json\/wp\/v2\/pages\/1687\/revisions\/3336"}],"wp:attachment":[{"href":"https:\/\/sentinelleducapbear.terremercatalanes.com\/es\/wp-json\/wp\/v2\/media?parent=1687"}],"curies":[{"name":"wp","href":"https:\/\/api.w.org\/{rel}","templated":true}]}}