{"id":1728,"date":"2024-02-15T13:13:05","date_gmt":"2024-02-15T12:13:05","guid":{"rendered":"https:\/\/sentinelleducapbear.terremercatalanes.com\/accede-a\/"},"modified":"2024-04-25T09:46:19","modified_gmt":"2024-04-25T07:46:19","slug":"accede-a","status":"publish","type":"page","link":"https:\/\/sentinelleducapbear.terremercatalanes.com\/es\/accede-a\/","title":{"rendered":"Accede a"},"content":{"rendered":"\t\t<div data-elementor-type=\"wp-page\" data-elementor-id=\"1728\" class=\"elementor elementor-1728 elementor-254\" data-elementor-post-type=\"page\">\n\t\t\t\t<div class=\"elementor-element elementor-element-fb61c14 e-flex e-con-boxed e-con e-parent\" data-id=\"fb61c14\" data-element_type=\"container\">\n\t\t\t\t\t<div class=\"e-con-inner\">\n\t\t\t\t<div class=\"elementor-element elementor-element-32ce6fc elementor-invisible elementor-widget elementor-widget-heading\" data-id=\"32ce6fc\" data-element_type=\"widget\" data-settings=\"{&quot;_animation&quot;:&quot;fadeInUp&quot;}\" data-widget_type=\"heading.default\">\n\t\t\t\t<div class=\"elementor-widget-container\">\n\t\t\t<style>\/*! elementor - v3.23.0 - 05-08-2024 *\/\n.elementor-heading-title{padding:0;margin:0;line-height:1}.elementor-widget-heading .elementor-heading-title[class*=elementor-size-]>a{color:inherit;font-size:inherit;line-height:inherit}.elementor-widget-heading .elementor-heading-title.elementor-size-small{font-size:15px}.elementor-widget-heading .elementor-heading-title.elementor-size-medium{font-size:19px}.elementor-widget-heading .elementor-heading-title.elementor-size-large{font-size:29px}.elementor-widget-heading .elementor-heading-title.elementor-size-xl{font-size:39px}.elementor-widget-heading .elementor-heading-title.elementor-size-xxl{font-size:59px}<\/style><h2 class=\"elementor-heading-title elementor-size-default\">Acceso y alrededores<\/h2>\t\t<\/div>\n\t\t\t\t<\/div>\n\t\t<div class=\"elementor-element elementor-element-85eff3b e-con-full e-flex e-con e-child\" data-id=\"85eff3b\" data-element_type=\"container\">\n\t\t\t\t<div class=\"elementor-element elementor-element-e8640a4 elementor-widget elementor-widget-heading\" data-id=\"e8640a4\" data-element_type=\"widget\" data-widget_type=\"heading.default\">\n\t\t\t\t<div class=\"elementor-widget-container\">\n\t\t\t<h2 class=\"elementor-heading-title elementor-size-default\">Coordenadas GPS: 42.51797569995106, 3.099316377233012<\/h2>\t\t<\/div>\n\t\t\t\t<\/div>\n\t\t\t\t<div class=\"elementor-element elementor-element-c2381f1 elementor-widget__width-inherit elementor-widget elementor-widget-google_maps\" data-id=\"c2381f1\" data-element_type=\"widget\" data-widget_type=\"google_maps.default\">\n\t\t\t\t<div class=\"elementor-widget-container\">\n\t\t\t<style>\/*! elementor - v3.23.0 - 05-08-2024 *\/\n.elementor-widget-google_maps .elementor-widget-container{overflow:hidden}.elementor-widget-google_maps .elementor-custom-embed{line-height:0}.elementor-widget-google_maps iframe{height:300px}<\/style>\t\t<div class=\"elementor-custom-embed\">\n\t\t\t<iframe loading=\"lazy\"\n\t\t\t\t\tsrc=\"https:\/\/maps.google.com\/maps?q=81%20route%20strat%C3%A9gique%2066660%20Port-Vendres&#038;t=m&#038;z=15&#038;output=embed&#038;iwloc=near\"\n\t\t\t\t\ttitle=\"81 route strat\u00e9gique 66660 Port-Vendres\"\n\t\t\t\t\taria-label=\"81 route strat\u00e9gique 66660 Port-Vendres\"\n\t\t\t><\/iframe>\n\t\t<\/div>\n\t\t\t\t<\/div>\n\t\t\t\t<\/div>\n\t\t\t\t<\/div>\n\t\t\t\t<div class=\"elementor-element elementor-element-c203caa elementor-invisible elementor-widget elementor-widget-heading\" data-id=\"c203caa\" data-element_type=\"widget\" data-settings=\"{&quot;_animation&quot;:&quot;fadeInUp&quot;}\" data-widget_type=\"heading.default\">\n\t\t\t\t<div class=\"elementor-widget-container\">\n\t\t\t<h2 class=\"elementor-heading-title elementor-size-default\">En el centinela de Cap B\u00e9ar: entre la tierra y el mar<\/h2>\t\t<\/div>\n\t\t\t\t<\/div>\n\t\t\t\t<div class=\"elementor-element elementor-element-d936d0d elementor-invisible elementor-widget elementor-widget-text-editor\" data-id=\"d936d0d\" data-element_type=\"widget\" data-settings=\"{&quot;_animation&quot;:&quot;fadeInUp&quot;}\" data-widget_type=\"text-editor.default\">\n\t\t\t\t<div class=\"elementor-widget-container\">\n\t\t\t<style>\/*! elementor - v3.23.0 - 05-08-2024 *\/\n.elementor-widget-text-editor.elementor-drop-cap-view-stacked .elementor-drop-cap{background-color:#69727d;color:#fff}.elementor-widget-text-editor.elementor-drop-cap-view-framed .elementor-drop-cap{color:#69727d;border:3px solid;background-color:transparent}.elementor-widget-text-editor:not(.elementor-drop-cap-view-default) .elementor-drop-cap{margin-top:8px}.elementor-widget-text-editor:not(.elementor-drop-cap-view-default) .elementor-drop-cap-letter{width:1em;height:1em}.elementor-widget-text-editor .elementor-drop-cap{float:left;text-align:center;line-height:1;font-size:50px}.elementor-widget-text-editor .elementor-drop-cap-letter{display:inline-block}<\/style>\t\t\t\t<p>Estamos encantados de recibirte en nuestra casa de hu\u00e9spedes, La sentinelle du Cap Bear, situada en un lugar privilegiado con vistas al puerto y los acantilados de Cap B\u00e9ar y a las aguas turquesas del Mediterr\u00e1neo. D\u00e9jate llevar por este espacio generoso, \u00a1una aut\u00e9ntica invitaci\u00f3n a descubrir, relajarse y dejarse llevar!<\/p>\n<p><strong>Ubicaci\u00f3n estrat\u00e9gica :<\/strong><\/p>\n<ul>\n<li><strong>Playas y calas:<\/strong> Las m\u00e1s cercanas a pie son Plage des Batteries y Plage d&#8217;Oil, ambas a unos 15 minutos.<\/li>\n<li><strong>Port-Vendres (5-10 minutos a pie):<\/strong> Un aut\u00e9ntico puerto donde pasear entre historia y modernidad. Te encantar\u00e1n las casas de colores que bordean el mar, las barcas catalanas, los barcos de pesca y de turistas, los caf\u00e9s y restaurantes. No dudes en hacer una parada en la Cave du Domaine Claire Mayol, donde encontrar\u00e1s una c\u00e1lida acogida y vinos de primera calidad.<\/li>\n<li>Recorre el <strong>litoral y los senderos adyacentes<\/strong> y descubre la costa a tu ritmo, en direcci\u00f3n a Collioure o, por el Cabo del Oso, hacia Banyuls sur mer.<\/li>\n<li><strong>Collioure (25\/30 minutos a pie):<\/strong> Un pueblo encantador famoso por su Fuerte Real, la Iglesia de Notre Dame des Angels, sus pintorescas callejuelas y los vibrantes colores que han inspirado a tantos artistas. No te pierdas los muchos encantos de este puerto, con su museo, sus playas y sus helados para refrescarte.<\/li>\n<li><strong>Banyuls sur Mer (15 minutos en coche o autob\u00fas):<\/strong> Disfruta del suntuoso paisaje de la C\u00f4te Vermeille de camino a Banyuls, con vistas a los vi\u00f1edos en terrazas que descienden hasta el mar. Si quieres ba\u00f1arte en aguas cristalinas y holgazanear, tendr\u00e1s donde elegir: desde los amplios espacios abiertos de la playa de Paulilles hasta la m\u00e1s \u00edntima playa de Elmes, sin olvidar las numerosas y variadas calas de acceso m\u00e1s o menos f\u00e1cil. Banyuls, peque\u00f1a estaci\u00f3n tur\u00edstica y balnearia, te encantar\u00e1. Para visitas terrestres, dir\u00edgete al Biodiversario (acuario y jard\u00edn cient\u00edfico), al notable museo Maillol en el valle del Roume, o visita una finca vin\u00edcola.<\/li>\n<li><strong>Cerb\u00e8re, el \u00faltimo pueblo antes de Espa\u00f1a (30 min):<\/strong> Enclavado entre el mar y la monta\u00f1a, entre Francia y Espa\u00f1a. Aprovecha los senderos costeros y dir\u00edgete a Cap Cerb\u00e8re para admirar el excepcional panorama.<\/li>\n<li><strong>Elne (20 min) y Perpi\u00f1\u00e1n (30 min):<\/strong> ciudades de arte e historia: pasea por estos lugares cargados de historia, palacios de los reyes de Mallorca, catedrales y claustros de la Edad Media.<\/li>\n<\/ul>\n<p>La zona est\u00e1 bien comunicada por autobuses de bajo coste.<\/p>\n<p>Reserva ahora y sum\u00e9rgete en la diversidad cultural y natural de la regi\u00f3n de la mano de Cape Bear Riverkeeper.<\/p>\n\t\t\t\t\t\t<\/div>\n\t\t\t\t<\/div>\n\t\t\t\t\t<\/div>\n\t\t\t\t<\/div>\n\t\t<div class=\"elementor-element elementor-element-804f2e0 e-flex e-con-boxed elementor-invisible e-con e-parent\" data-id=\"804f2e0\" data-element_type=\"container\" data-settings=\"{&quot;background_background&quot;:&quot;slideshow&quot;,&quot;background_slideshow_gallery&quot;:[{&quot;id&quot;:463,&quot;url&quot;:&quot;http:\\\/\\\/sentinelleducapbear.terremercatalanes.com\\\/wp-content\\\/uploads\\\/sites\\\/5\\\/2024\\\/02\\\/IMG_20240101_112604-1-1-scaled.jpg&quot;}],&quot;animation&quot;:&quot;zoomInDown&quot;,&quot;background_slideshow_loop&quot;:&quot;yes&quot;,&quot;background_slideshow_slide_duration&quot;:5000,&quot;background_slideshow_slide_transition&quot;:&quot;fade&quot;,&quot;background_slideshow_transition_duration&quot;:500}\">\n\t\t\t\t\t<div class=\"e-con-inner\">\n\t\t\t\t<div class=\"elementor-element elementor-element-82ff7ed elementor-widget elementor-widget-heading\" data-id=\"82ff7ed\" data-element_type=\"widget\" data-widget_type=\"heading.default\">\n\t\t\t\t<div class=\"elementor-widget-container\">\n\t\t\t<h2 class=\"elementor-heading-title elementor-size-default\">\u00bfBuscas calma y armon\u00eda? \u00a1Bienvenido a Cape Bear Sentinel! (S\u00f3lo adolescentes\/adultos-No se admiten mascotas)<\/h2>\t\t<\/div>\n\t\t\t\t<\/div>\n\t\t\t\t<div class=\"elementor-element elementor-element-9138dd2 elementor-widget elementor-widget-heading\" data-id=\"9138dd2\" data-element_type=\"widget\" data-widget_type=\"heading.default\">\n\t\t\t\t<div class=\"elementor-widget-container\">\n\t\t\t<h2 class=\"elementor-heading-title elementor-size-default\">Reserva ahora tu estancia en la Sentinelle du Cap Bear<\/h2>\t\t<\/div>\n\t\t\t\t<\/div>\n\t\t\t\t<div class=\"elementor-element elementor-element-2ed4de7 elementor-align-center elementor-widget elementor-widget-button\" data-id=\"2ed4de7\" data-element_type=\"widget\" data-widget_type=\"button.default\">\n\t\t\t\t<div class=\"elementor-widget-container\">\n\t\t\t\t\t<div class=\"elementor-button-wrapper\">\n\t\t\t<a class=\"elementor-button elementor-button-link elementor-size-sm\" href=\"https:\/\/sentinelleducapbear.terremercatalanes.com\/les-chambres\/\">\n\t\t\t\t\t\t<span class=\"elementor-button-content-wrapper\">\n\t\t\t\t\t\t\t\t\t<span class=\"elementor-button-text\">Pulsa aqu\u00ed<\/span>\n\t\t\t\t\t<\/span>\n\t\t\t\t\t<\/a>\n\t\t<\/div>\n\t\t\t\t<\/div>\n\t\t\t\t<\/div>\n\t\t\t\t\t<\/div>\n\t\t\t\t<\/div>\n\t\t\t\t<\/div>\n\t\t","protected":false},"excerpt":{"rendered":"<p>Acceso y alrededores Coordenadas GPS: 42.51797569995106, 3.099316377233012 En el centinela de Cap B\u00e9ar: entre la tierra y el mar Estamos encantados de recibirte en nuestra casa de hu\u00e9spedes, La sentinelle du Cap Bear, situada en un lugar privilegiado con vistas al puerto y los acantilados de Cap B\u00e9ar y a las aguas turquesas del Mediterr\u00e1neo. [&hellip;]<\/p>\n","protected":false},"author":1,"featured_media":0,"parent":0,"menu_order":0,"comment_status":"closed","ping_status":"closed","template":"elementor_header_footer","meta":{"footnotes":""},"class_list":["post-1728","page","type-page","status-publish","hentry"],"_links":{"self":[{"href":"https:\/\/sentinelleducapbear.terremercatalanes.com\/es\/wp-json\/wp\/v2\/pages\/1728","targetHints":{"allow":["GET"]}}],"collection":[{"href":"https:\/\/sentinelleducapbear.terremercatalanes.com\/es\/wp-json\/wp\/v2\/pages"}],"about":[{"href":"https:\/\/sentinelleducapbear.terremercatalanes.com\/es\/wp-json\/wp\/v2\/types\/page"}],"author":[{"embeddable":true,"href":"https:\/\/sentinelleducapbear.terremercatalanes.com\/es\/wp-json\/wp\/v2\/users\/1"}],"replies":[{"embeddable":true,"href":"https:\/\/sentinelleducapbear.terremercatalanes.com\/es\/wp-json\/wp\/v2\/comments?post=1728"}],"version-history":[{"count":4,"href":"https:\/\/sentinelleducapbear.terremercatalanes.com\/es\/wp-json\/wp\/v2\/pages\/1728\/revisions"}],"predecessor-version":[{"id":1766,"href":"https:\/\/sentinelleducapbear.terremercatalanes.com\/es\/wp-json\/wp\/v2\/pages\/1728\/revisions\/1766"}],"wp:attachment":[{"href":"https:\/\/sentinelleducapbear.terremercatalanes.com\/es\/wp-json\/wp\/v2\/media?parent=1728"}],"curies":[{"name":"wp","href":"https:\/\/api.w.org\/{rel}","templated":true}]}}